{"id":1341,"date":"2022-06-20T13:17:00","date_gmt":"2022-06-20T16:17:00","guid":{"rendered":"https:\/\/afonte.org.br\/site\/?page_id=1341"},"modified":"2022-06-20T13:31:44","modified_gmt":"2022-06-20T16:31:44","slug":"doacao-de-cabelo","status":"publish","type":"page","link":"https:\/\/afonte.org.br\/site\/doacao-de-cabelo\/","title":{"rendered":"Doa\u00e7\u00e3o de cabelo"},"content":{"rendered":"\t\t<div data-elementor-type=\"wp-page\" data-elementor-id=\"1341\" class=\"elementor elementor-1341\" data-elementor-post-type=\"page\">\n\t\t\t\t\t\t<section class=\"elementor-section elementor-top-section elementor-element elementor-element-f7d9d3b elementor-section-boxed elementor-section-height-default elementor-section-height-default\" data-id=\"f7d9d3b\" data-element_type=\"section\">\n\t\t\t\t\t\t<div class=\"elementor-container elementor-column-gap-default\">\n\t\t\t\t\t<div class=\"elementor-column elementor-col-100 elementor-top-column elementor-element elementor-element-10a6acc\" data-id=\"10a6acc\" data-element_type=\"column\">\n\t\t\t<div class=\"elementor-widget-wrap elementor-element-populated\">\n\t\t\t\t\t\t<div class=\"elementor-element elementor-element-e5f5d26 elementor-widget elementor-widget-image\" data-id=\"e5f5d26\" data-element_type=\"widget\" data-widget_type=\"image.default\">\n\t\t\t\t<div class=\"elementor-widget-container\">\n\t\t\t\t\t\t\t\t\t\t\t\t\t\t\t<img fetchpriority=\"high\" decoding=\"async\" width=\"800\" height=\"458\" src=\"https:\/\/afonte.org.br\/site\/wp-content\/uploads\/2022\/01\/fundacao_foto-1024x586.jpg\" class=\"attachment-large size-large wp-image-1236\" alt=\"\" srcset=\"https:\/\/afonte.org.br\/site\/wp-content\/uploads\/2022\/01\/fundacao_foto-1024x586.jpg 1024w, https:\/\/afonte.org.br\/site\/wp-content\/uploads\/2022\/01\/fundacao_foto-300x172.jpg 300w, https:\/\/afonte.org.br\/site\/wp-content\/uploads\/2022\/01\/fundacao_foto-768x440.jpg 768w, https:\/\/afonte.org.br\/site\/wp-content\/uploads\/2022\/01\/fundacao_foto-1536x879.jpg 1536w, https:\/\/afonte.org.br\/site\/wp-content\/uploads\/2022\/01\/fundacao_foto.jpg 1600w\" sizes=\"(max-width: 800px) 100vw, 800px\" \/>\t\t\t\t\t\t\t\t\t\t\t\t\t\t\t<\/div>\n\t\t\t\t<\/div>\n\t\t\t\t<div class=\"elementor-element elementor-element-091381d elementor-widget elementor-widget-text-editor\" data-id=\"091381d\" data-element_type=\"widget\" data-widget_type=\"text-editor.default\">\n\t\t\t\t<div class=\"elementor-widget-container\">\n\t\t\t\t\t\t\t\t\t<p>Quer doar o cabelo pra gente e n\u00e3o sabe como fazer? Saiba que em todo tempo recebemos sim doa\u00e7\u00f5es de cabelo. A peruca contribui muito para a eleva\u00e7\u00e3o da autoestima da mulher em tratamento de um c\u00e2ncer de mama. <br \/>Os requisitos b\u00e1sicos para aproveitamento dos fios de cabelos doados, segundo as orienta\u00e7\u00f5es dos fabricantes de perucas s\u00e3o:<\/p><ul><li>Cabelos higienizados e secos;<\/li><li>Comprimento m\u00ednimo de 30cm;<\/li><li>Cortados em gomos amarrados em el\u00e1stico revestidos;<\/li><li>Cortado em rabo de cavalo ou tran\u00e7a;<\/li><li>Cabelos com qu\u00edmica s\u00e3o aceitos, desde que n\u00e3o estejam danificados;<\/li><\/ul><p>Recebemos todos os tipos e cores de cabelos. S\u00f3 n\u00e3o cortamos.<\/p><p>Esse tipo de doa\u00e7\u00e3o \u00e9 um grande ato de amor solid\u00e1rio.<\/p><p>Quer falar com a nossa equipe? Mande uma mensagem, responderemos o quanto antes. Se preferir voc\u00ea pode entrar em contato pelos telefones:<br \/>(86)3221-8944 ou (86)99451-8447<\/p>\t\t\t\t\t\t\t\t<\/div>\n\t\t\t\t<\/div>\n\t\t\t\t<div class=\"elementor-element elementor-element-7700761 elementor-widget elementor-widget-text-editor\" data-id=\"7700761\" data-element_type=\"widget\" data-widget_type=\"text-editor.default\">\n\t\t\t\t<div class=\"elementor-widget-container\">\n\t\t\t\t\t\t\t\t\t\n<div class=\"wpcf7 no-js\" id=\"wpcf7-f533-o1\" lang=\"pt-BR\" dir=\"ltr\" data-wpcf7-id=\"533\">\n<div class=\"screen-reader-response\"><p role=\"status\" aria-live=\"polite\" aria-atomic=\"true\"><\/p> <ul><\/ul><\/div>\n<form action=\"\/site\/wp-json\/wp\/v2\/pages\/1341#wpcf7-f533-o1\" method=\"post\" class=\"wpcf7-form init\" aria-label=\"Formul\u00e1rios de contato\" novalidate=\"novalidate\" data-status=\"init\">\n<fieldset class=\"hidden-fields-container\"><input type=\"hidden\" name=\"_wpcf7\" value=\"533\" \/><input type=\"hidden\" name=\"_wpcf7_version\" value=\"6.1.3\" \/><input type=\"hidden\" name=\"_wpcf7_locale\" value=\"pt_BR\" \/><input type=\"hidden\" name=\"_wpcf7_unit_tag\" value=\"wpcf7-f533-o1\" \/><input type=\"hidden\" name=\"_wpcf7_container_post\" value=\"0\" \/><input type=\"hidden\" name=\"_wpcf7_posted_data_hash\" value=\"\" \/><input type=\"hidden\" name=\"_wpcf7_recaptcha_response\" value=\"\" \/>\n<\/fieldset>\n<p><label> Seu nome<br \/>\n<span class=\"wpcf7-form-control-wrap\" data-name=\"your-name\"><input size=\"40\" maxlength=\"400\" class=\"wpcf7-form-control wpcf7-text wpcf7-validates-as-required\" aria-required=\"true\" aria-invalid=\"false\" value=\"\" type=\"text\" name=\"your-name\" \/><\/span> <\/label>\n<\/p>\n<p><label> Seu e-mail<br \/>\n<span class=\"wpcf7-form-control-wrap\" data-name=\"your-email\"><input size=\"40\" maxlength=\"400\" class=\"wpcf7-form-control wpcf7-email wpcf7-validates-as-required wpcf7-text wpcf7-validates-as-email\" aria-required=\"true\" aria-invalid=\"false\" value=\"\" type=\"email\" name=\"your-email\" \/><\/span> <\/label>\n<\/p>\n<p><label> Assunto<br \/>\n<span class=\"wpcf7-form-control-wrap\" data-name=\"your-subject\"><input size=\"40\" maxlength=\"400\" class=\"wpcf7-form-control wpcf7-text wpcf7-validates-as-required\" aria-required=\"true\" aria-invalid=\"false\" value=\"\" type=\"text\" name=\"your-subject\" \/><\/span> <\/label>\n<\/p>\n<p><label> Sua mensagem (opcional)<br \/>\n<span class=\"wpcf7-form-control-wrap\" data-name=\"your-message\"><textarea cols=\"40\" rows=\"10\" maxlength=\"2000\" class=\"wpcf7-form-control wpcf7-textarea\" aria-invalid=\"false\" name=\"your-message\"><\/textarea><\/span> <\/label>\n<\/p>\n<p><input class=\"wpcf7-form-control wpcf7-submit has-spinner\" type=\"submit\" value=\"Enviar\" \/>\n<\/p><div class=\"wpcf7-response-output\" aria-hidden=\"true\"><\/div>\n<\/form>\n<\/div>\n\t\t\t\t\t\t\t\t<\/div>\n\t\t\t\t<\/div>\n\t\t\t\t\t<\/div>\n\t\t<\/div>\n\t\t\t\t\t<\/div>\n\t\t<\/section>\n\t\t\t\t<\/div>\n\t\t","protected":false},"excerpt":{"rendered":"<p>Quer doar o cabelo pra gente e n\u00e3o sabe como fazer? Saiba que em todo tempo recebemos sim doa\u00e7\u00f5es de cabelo. A peruca contribui muito para a eleva\u00e7\u00e3o da autoestima da mulher em tratamento de um c\u00e2ncer de mama. Os requisitos b\u00e1sicos para aproveitamento dos fios de cabelos doados, segundo as orienta\u00e7\u00f5es dos fabricantes de [&hellip;]<\/p>\n","protected":false},"author":1,"featured_media":0,"parent":0,"menu_order":0,"comment_status":"closed","ping_status":"closed","template":"","meta":{"footnotes":""},"class_list":["post-1341","page","type-page","status-publish","hentry"],"yoast_head":"<!-- This site is optimized with the Yoast SEO plugin v26.4 - https:\/\/yoast.com\/wordpress\/plugins\/seo\/ -->\n<title>Doa\u00e7\u00e3o de cabelo - Funda\u00e7\u00e3o Maria Carvalho Santos<\/title>\n<meta name=\"robots\" content=\"index, follow, max-snippet:-1, max-image-preview:large, max-video-preview:-1\" \/>\n<link rel=\"canonical\" href=\"https:\/\/afonte.org.br\/site\/doacao-de-cabelo\/\" \/>\n<meta property=\"og:locale\" content=\"pt_BR\" \/>\n<meta property=\"og:type\" content=\"article\" \/>\n<meta property=\"og:title\" content=\"Doa\u00e7\u00e3o de cabelo - Funda\u00e7\u00e3o Maria Carvalho Santos\" \/>\n<meta property=\"og:description\" content=\"Quer doar o cabelo pra gente e n\u00e3o sabe como fazer? Saiba que em todo tempo recebemos sim doa\u00e7\u00f5es de cabelo. A peruca contribui muito para a eleva\u00e7\u00e3o da autoestima da mulher em tratamento de um c\u00e2ncer de mama. Os requisitos b\u00e1sicos para aproveitamento dos fios de cabelos doados, segundo as orienta\u00e7\u00f5es dos fabricantes de [&hellip;]\" \/>\n<meta property=\"og:url\" content=\"https:\/\/afonte.org.br\/site\/doacao-de-cabelo\/\" \/>\n<meta property=\"og:site_name\" content=\"Funda\u00e7\u00e3o Maria Carvalho Santos\" \/>\n<meta property=\"article:publisher\" content=\"https:\/\/www.facebook.com\/fundacaomariacarvalhosantos\/\" \/>\n<meta property=\"article:modified_time\" content=\"2022-06-20T16:31:44+00:00\" \/>\n<meta property=\"og:image\" content=\"https:\/\/afonte.org.br\/site\/wp-content\/uploads\/2022\/01\/fundacao_foto-1024x586.jpg\" \/>\n<meta name=\"twitter:card\" content=\"summary_large_image\" \/>\n<meta name=\"twitter:site\" content=\"@fundacaomaria\" \/>\n<meta name=\"twitter:label1\" content=\"Est. tempo de leitura\" \/>\n\t<meta name=\"twitter:data1\" content=\"1 minuto\" \/>\n<script type=\"application\/ld+json\" class=\"yoast-schema-graph\">{\"@context\":\"https:\/\/schema.org\",\"@graph\":[{\"@type\":\"WebPage\",\"@id\":\"https:\/\/afonte.org.br\/site\/doacao-de-cabelo\/\",\"url\":\"https:\/\/afonte.org.br\/site\/doacao-de-cabelo\/\",\"name\":\"Doa\u00e7\u00e3o de cabelo - Funda\u00e7\u00e3o Maria Carvalho Santos\",\"isPartOf\":{\"@id\":\"https:\/\/afonte.org.br\/site\/#website\"},\"primaryImageOfPage\":{\"@id\":\"https:\/\/afonte.org.br\/site\/doacao-de-cabelo\/#primaryimage\"},\"image\":{\"@id\":\"https:\/\/afonte.org.br\/site\/doacao-de-cabelo\/#primaryimage\"},\"thumbnailUrl\":\"https:\/\/afonte.org.br\/site\/wp-content\/uploads\/2022\/01\/fundacao_foto-1024x586.jpg\",\"datePublished\":\"2022-06-20T16:17:00+00:00\",\"dateModified\":\"2022-06-20T16:31:44+00:00\",\"breadcrumb\":{\"@id\":\"https:\/\/afonte.org.br\/site\/doacao-de-cabelo\/#breadcrumb\"},\"inLanguage\":\"pt-BR\",\"potentialAction\":[{\"@type\":\"ReadAction\",\"target\":[\"https:\/\/afonte.org.br\/site\/doacao-de-cabelo\/\"]}]},{\"@type\":\"ImageObject\",\"inLanguage\":\"pt-BR\",\"@id\":\"https:\/\/afonte.org.br\/site\/doacao-de-cabelo\/#primaryimage\",\"url\":\"https:\/\/afonte.org.br\/site\/wp-content\/uploads\/2022\/01\/fundacao_foto.jpg\",\"contentUrl\":\"https:\/\/afonte.org.br\/site\/wp-content\/uploads\/2022\/01\/fundacao_foto.jpg\",\"width\":1600,\"height\":916},{\"@type\":\"BreadcrumbList\",\"@id\":\"https:\/\/afonte.org.br\/site\/doacao-de-cabelo\/#breadcrumb\",\"itemListElement\":[{\"@type\":\"ListItem\",\"position\":1,\"name\":\"In\u00edcio\",\"item\":\"https:\/\/afonte.org.br\/site\/\"},{\"@type\":\"ListItem\",\"position\":2,\"name\":\"Doa\u00e7\u00e3o de cabelo\"}]},{\"@type\":\"WebSite\",\"@id\":\"https:\/\/afonte.org.br\/site\/#website\",\"url\":\"https:\/\/afonte.org.br\/site\/\",\"name\":\"Funda\u00e7\u00e3o Maria Carvalho Santos\",\"description\":\"\u201cSe voc\u00ea tem c\u00e2ncer de mama, n\u00f3s ajudamos voc\u00ea, mas se voc\u00ea n\u00e3o tem, ajude a gente\u201d!\",\"publisher\":{\"@id\":\"https:\/\/afonte.org.br\/site\/#organization\"},\"potentialAction\":[{\"@type\":\"SearchAction\",\"target\":{\"@type\":\"EntryPoint\",\"urlTemplate\":\"https:\/\/afonte.org.br\/site\/?s={search_term_string}\"},\"query-input\":{\"@type\":\"PropertyValueSpecification\",\"valueRequired\":true,\"valueName\":\"search_term_string\"}}],\"inLanguage\":\"pt-BR\"},{\"@type\":\"Organization\",\"@id\":\"https:\/\/afonte.org.br\/site\/#organization\",\"name\":\"Funda\u00e7\u00e3o Maria Carvalho Santos\",\"url\":\"https:\/\/afonte.org.br\/site\/\",\"logo\":{\"@type\":\"ImageObject\",\"inLanguage\":\"pt-BR\",\"@id\":\"https:\/\/afonte.org.br\/site\/#\/schema\/logo\/image\/\",\"url\":\"https:\/\/afonte.org.br\/site\/wp-content\/uploads\/2021\/10\/logomarca_fundacao2.fw_.png\",\"contentUrl\":\"https:\/\/afonte.org.br\/site\/wp-content\/uploads\/2021\/10\/logomarca_fundacao2.fw_.png\",\"width\":200,\"height\":73,\"caption\":\"Funda\u00e7\u00e3o Maria Carvalho Santos\"},\"image\":{\"@id\":\"https:\/\/afonte.org.br\/site\/#\/schema\/logo\/image\/\"},\"sameAs\":[\"https:\/\/www.facebook.com\/fundacaomariacarvalhosantos\/\",\"https:\/\/x.com\/fundacaomaria\",\"https:\/\/www.instagram.com\/fundacaomariacarvalho\/?hl=pt-br\",\"https:\/\/www.youtube.com\/channel\/UCThs6_9MYv6ms6ciEHDKXrA\"]}]}<\/script>\n<!-- \/ Yoast SEO plugin. -->","yoast_head_json":{"title":"Doa\u00e7\u00e3o de cabelo - Funda\u00e7\u00e3o Maria Carvalho Santos","robots":{"index":"index","follow":"follow","max-snippet":"max-snippet:-1","max-image-preview":"max-image-preview:large","max-video-preview":"max-video-preview:-1"},"canonical":"https:\/\/afonte.org.br\/site\/doacao-de-cabelo\/","og_locale":"pt_BR","og_type":"article","og_title":"Doa\u00e7\u00e3o de cabelo - Funda\u00e7\u00e3o Maria Carvalho Santos","og_description":"Quer doar o cabelo pra gente e n\u00e3o sabe como fazer? Saiba que em todo tempo recebemos sim doa\u00e7\u00f5es de cabelo. A peruca contribui muito para a eleva\u00e7\u00e3o da autoestima da mulher em tratamento de um c\u00e2ncer de mama. Os requisitos b\u00e1sicos para aproveitamento dos fios de cabelos doados, segundo as orienta\u00e7\u00f5es dos fabricantes de [&hellip;]","og_url":"https:\/\/afonte.org.br\/site\/doacao-de-cabelo\/","og_site_name":"Funda\u00e7\u00e3o Maria Carvalho Santos","article_publisher":"https:\/\/www.facebook.com\/fundacaomariacarvalhosantos\/","article_modified_time":"2022-06-20T16:31:44+00:00","og_image":[{"url":"https:\/\/afonte.org.br\/site\/wp-content\/uploads\/2022\/01\/fundacao_foto-1024x586.jpg","type":"","width":"","height":""}],"twitter_card":"summary_large_image","twitter_site":"@fundacaomaria","twitter_misc":{"Est. tempo de leitura":"1 minuto"},"schema":{"@context":"https:\/\/schema.org","@graph":[{"@type":"WebPage","@id":"https:\/\/afonte.org.br\/site\/doacao-de-cabelo\/","url":"https:\/\/afonte.org.br\/site\/doacao-de-cabelo\/","name":"Doa\u00e7\u00e3o de cabelo - Funda\u00e7\u00e3o Maria Carvalho Santos","isPartOf":{"@id":"https:\/\/afonte.org.br\/site\/#website"},"primaryImageOfPage":{"@id":"https:\/\/afonte.org.br\/site\/doacao-de-cabelo\/#primaryimage"},"image":{"@id":"https:\/\/afonte.org.br\/site\/doacao-de-cabelo\/#primaryimage"},"thumbnailUrl":"https:\/\/afonte.org.br\/site\/wp-content\/uploads\/2022\/01\/fundacao_foto-1024x586.jpg","datePublished":"2022-06-20T16:17:00+00:00","dateModified":"2022-06-20T16:31:44+00:00","breadcrumb":{"@id":"https:\/\/afonte.org.br\/site\/doacao-de-cabelo\/#breadcrumb"},"inLanguage":"pt-BR","potentialAction":[{"@type":"ReadAction","target":["https:\/\/afonte.org.br\/site\/doacao-de-cabelo\/"]}]},{"@type":"ImageObject","inLanguage":"pt-BR","@id":"https:\/\/afonte.org.br\/site\/doacao-de-cabelo\/#primaryimage","url":"https:\/\/afonte.org.br\/site\/wp-content\/uploads\/2022\/01\/fundacao_foto.jpg","contentUrl":"https:\/\/afonte.org.br\/site\/wp-content\/uploads\/2022\/01\/fundacao_foto.jpg","width":1600,"height":916},{"@type":"BreadcrumbList","@id":"https:\/\/afonte.org.br\/site\/doacao-de-cabelo\/#breadcrumb","itemListElement":[{"@type":"ListItem","position":1,"name":"In\u00edcio","item":"https:\/\/afonte.org.br\/site\/"},{"@type":"ListItem","position":2,"name":"Doa\u00e7\u00e3o de cabelo"}]},{"@type":"WebSite","@id":"https:\/\/afonte.org.br\/site\/#website","url":"https:\/\/afonte.org.br\/site\/","name":"Funda\u00e7\u00e3o Maria Carvalho Santos","description":"\u201cSe voc\u00ea tem c\u00e2ncer de mama, n\u00f3s ajudamos voc\u00ea, mas se voc\u00ea n\u00e3o tem, ajude a gente\u201d!","publisher":{"@id":"https:\/\/afonte.org.br\/site\/#organization"},"potentialAction":[{"@type":"SearchAction","target":{"@type":"EntryPoint","urlTemplate":"https:\/\/afonte.org.br\/site\/?s={search_term_string}"},"query-input":{"@type":"PropertyValueSpecification","valueRequired":true,"valueName":"search_term_string"}}],"inLanguage":"pt-BR"},{"@type":"Organization","@id":"https:\/\/afonte.org.br\/site\/#organization","name":"Funda\u00e7\u00e3o Maria Carvalho Santos","url":"https:\/\/afonte.org.br\/site\/","logo":{"@type":"ImageObject","inLanguage":"pt-BR","@id":"https:\/\/afonte.org.br\/site\/#\/schema\/logo\/image\/","url":"https:\/\/afonte.org.br\/site\/wp-content\/uploads\/2021\/10\/logomarca_fundacao2.fw_.png","contentUrl":"https:\/\/afonte.org.br\/site\/wp-content\/uploads\/2021\/10\/logomarca_fundacao2.fw_.png","width":200,"height":73,"caption":"Funda\u00e7\u00e3o Maria Carvalho Santos"},"image":{"@id":"https:\/\/afonte.org.br\/site\/#\/schema\/logo\/image\/"},"sameAs":["https:\/\/www.facebook.com\/fundacaomariacarvalhosantos\/","https:\/\/x.com\/fundacaomaria","https:\/\/www.instagram.com\/fundacaomariacarvalho\/?hl=pt-br","https:\/\/www.youtube.com\/channel\/UCThs6_9MYv6ms6ciEHDKXrA"]}]}},"_links":{"self":[{"href":"https:\/\/afonte.org.br\/site\/wp-json\/wp\/v2\/pages\/1341","targetHints":{"allow":["GET"]}}],"collection":[{"href":"https:\/\/afonte.org.br\/site\/wp-json\/wp\/v2\/pages"}],"about":[{"href":"https:\/\/afonte.org.br\/site\/wp-json\/wp\/v2\/types\/page"}],"author":[{"embeddable":true,"href":"https:\/\/afonte.org.br\/site\/wp-json\/wp\/v2\/users\/1"}],"replies":[{"embeddable":true,"href":"https:\/\/afonte.org.br\/site\/wp-json\/wp\/v2\/comments?post=1341"}],"version-history":[{"count":13,"href":"https:\/\/afonte.org.br\/site\/wp-json\/wp\/v2\/pages\/1341\/revisions"}],"predecessor-version":[{"id":1369,"href":"https:\/\/afonte.org.br\/site\/wp-json\/wp\/v2\/pages\/1341\/revisions\/1369"}],"wp:attachment":[{"href":"https:\/\/afonte.org.br\/site\/wp-json\/wp\/v2\/media?parent=1341"}],"curies":[{"name":"wp","href":"https:\/\/api.w.org\/{rel}","templated":true}]}}