{"id":544,"date":"2021-10-10T12:16:01","date_gmt":"2021-10-10T15:16:01","guid":{"rendered":"https:\/\/afonte.org.br\/site\/?page_id=544"},"modified":"2021-10-11T22:39:15","modified_gmt":"2021-10-12T01:39:15","slug":"contribua-com-nossa-causa","status":"publish","type":"page","link":"https:\/\/afonte.org.br\/site\/contribua-com-nossa-causa\/","title":{"rendered":"Contribua com nossa causa"},"content":{"rendered":"\t\t<div data-elementor-type=\"wp-page\" data-elementor-id=\"544\" class=\"elementor elementor-544\" data-elementor-post-type=\"page\">\n\t\t\t\t\t\t<section class=\"elementor-section elementor-top-section elementor-element elementor-element-39ca582 elementor-section-boxed elementor-section-height-default elementor-section-height-default\" data-id=\"39ca582\" data-element_type=\"section\">\n\t\t\t\t\t\t<div class=\"elementor-container elementor-column-gap-default\">\n\t\t\t\t\t<div class=\"elementor-column elementor-col-100 elementor-top-column elementor-element elementor-element-6926e30\" data-id=\"6926e30\" data-element_type=\"column\">\n\t\t\t<div class=\"elementor-widget-wrap elementor-element-populated\">\n\t\t\t\t\t\t<div class=\"elementor-element elementor-element-a43945e elementor-widget elementor-widget-text-editor\" data-id=\"a43945e\" data-element_type=\"widget\" data-widget_type=\"text-editor.default\">\n\t\t\t\t<div class=\"elementor-widget-container\">\n\t\t\t\t\t\t\t\t\t<h2><strong>PESSOA J\u00daRIDICA<\/strong><\/h2><p>Entre em contato atrav\u00e9s do e-mail <strong><a href=\"doe@afonte.org.br\">doe@afonte.org.br<\/a><\/strong> e conte-nos qual a sua empresa ou institui\u00e7\u00e3o e de que forma gostaria de apoiar a FMCS.<\/p><h2><strong>PESSOA F\u00cdSICA<\/strong><\/h2><p>Fa\u00e7a sua doa\u00e7\u00e3o online e seja nosso parceiro no combate ao c\u00e2ncer de mama.<\/p><p>Contamos com voc\u00ea para continuarmos vitoriosos nessa batalha contra o c\u00e2ncer de mama!<\/p><p>Assim voc\u00ea pode colocar em pr\u00e1tica sua vontade de ajudar e contribui para que nossa organiza\u00e7\u00e3o continue atuando para influenciar a formula\u00e7\u00e3o de pol\u00edticas p\u00fablicas de aten\u00e7\u00e3o \u00e0 sa\u00fade da mama.<\/p><h2><strong>NOSSO PIX<\/strong><\/h2><h4><strong>03.246.641\/0001-19 (CNPJ)<\/strong><\/h4>\t\t\t\t\t\t\t\t<\/div>\n\t\t\t\t<\/div>\n\t\t\t\t\t<\/div>\n\t\t<\/div>\n\t\t\t\t\t<\/div>\n\t\t<\/section>\n\t\t\t\t<\/div>\n\t\t","protected":false},"excerpt":{"rendered":"<p>PESSOA J\u00daRIDICA Entre em contato atrav\u00e9s do e-mail doe@afonte.org.br e conte-nos qual a sua empresa ou institui\u00e7\u00e3o e de que forma gostaria de apoiar a FMCS. PESSOA F\u00cdSICA Fa\u00e7a sua doa\u00e7\u00e3o online e seja nosso parceiro no combate ao c\u00e2ncer de mama. Contamos com voc\u00ea para continuarmos vitoriosos nessa batalha contra o c\u00e2ncer de mama! [&hellip;]<\/p>\n","protected":false},"author":1,"featured_media":0,"parent":0,"menu_order":0,"comment_status":"closed","ping_status":"closed","template":"","meta":{"footnotes":""},"class_list":["post-544","page","type-page","status-publish","hentry"],"yoast_head":"<!-- This site is optimized with the Yoast SEO plugin v26.4 - https:\/\/yoast.com\/wordpress\/plugins\/seo\/ -->\n<title>Contribua com nossa causa - Funda\u00e7\u00e3o Maria Carvalho Santos<\/title>\n<meta name=\"robots\" content=\"index, follow, max-snippet:-1, max-image-preview:large, max-video-preview:-1\" \/>\n<link rel=\"canonical\" href=\"https:\/\/afonte.org.br\/site\/contribua-com-nossa-causa\/\" \/>\n<meta property=\"og:locale\" content=\"pt_BR\" \/>\n<meta property=\"og:type\" content=\"article\" \/>\n<meta property=\"og:title\" content=\"Contribua com nossa causa - Funda\u00e7\u00e3o Maria Carvalho Santos\" \/>\n<meta property=\"og:description\" content=\"PESSOA J\u00daRIDICA Entre em contato atrav\u00e9s do e-mail doe@afonte.org.br e conte-nos qual a sua empresa ou institui\u00e7\u00e3o e de que forma gostaria de apoiar a FMCS. PESSOA F\u00cdSICA Fa\u00e7a sua doa\u00e7\u00e3o online e seja nosso parceiro no combate ao c\u00e2ncer de mama. Contamos com voc\u00ea para continuarmos vitoriosos nessa batalha contra o c\u00e2ncer de mama! [&hellip;]\" \/>\n<meta property=\"og:url\" content=\"https:\/\/afonte.org.br\/site\/contribua-com-nossa-causa\/\" \/>\n<meta property=\"og:site_name\" content=\"Funda\u00e7\u00e3o Maria Carvalho Santos\" \/>\n<meta property=\"article:publisher\" content=\"https:\/\/www.facebook.com\/fundacaomariacarvalhosantos\/\" \/>\n<meta property=\"article:modified_time\" content=\"2021-10-12T01:39:15+00:00\" \/>\n<meta name=\"twitter:card\" content=\"summary_large_image\" \/>\n<meta name=\"twitter:site\" content=\"@fundacaomaria\" \/>\n<meta name=\"twitter:label1\" content=\"Est. tempo de leitura\" \/>\n\t<meta name=\"twitter:data1\" content=\"1 minuto\" \/>\n<script type=\"application\/ld+json\" class=\"yoast-schema-graph\">{\"@context\":\"https:\/\/schema.org\",\"@graph\":[{\"@type\":\"WebPage\",\"@id\":\"https:\/\/afonte.org.br\/site\/contribua-com-nossa-causa\/\",\"url\":\"https:\/\/afonte.org.br\/site\/contribua-com-nossa-causa\/\",\"name\":\"Contribua com nossa causa - Funda\u00e7\u00e3o Maria Carvalho Santos\",\"isPartOf\":{\"@id\":\"https:\/\/afonte.org.br\/site\/#website\"},\"datePublished\":\"2021-10-10T15:16:01+00:00\",\"dateModified\":\"2021-10-12T01:39:15+00:00\",\"breadcrumb\":{\"@id\":\"https:\/\/afonte.org.br\/site\/contribua-com-nossa-causa\/#breadcrumb\"},\"inLanguage\":\"pt-BR\",\"potentialAction\":[{\"@type\":\"ReadAction\",\"target\":[\"https:\/\/afonte.org.br\/site\/contribua-com-nossa-causa\/\"]}]},{\"@type\":\"BreadcrumbList\",\"@id\":\"https:\/\/afonte.org.br\/site\/contribua-com-nossa-causa\/#breadcrumb\",\"itemListElement\":[{\"@type\":\"ListItem\",\"position\":1,\"name\":\"In\u00edcio\",\"item\":\"https:\/\/afonte.org.br\/site\/\"},{\"@type\":\"ListItem\",\"position\":2,\"name\":\"Contribua com nossa causa\"}]},{\"@type\":\"WebSite\",\"@id\":\"https:\/\/afonte.org.br\/site\/#website\",\"url\":\"https:\/\/afonte.org.br\/site\/\",\"name\":\"Funda\u00e7\u00e3o Maria Carvalho Santos\",\"description\":\"\u201cSe voc\u00ea tem c\u00e2ncer de mama, n\u00f3s ajudamos voc\u00ea, mas se voc\u00ea n\u00e3o tem, ajude a gente\u201d!\",\"publisher\":{\"@id\":\"https:\/\/afonte.org.br\/site\/#organization\"},\"potentialAction\":[{\"@type\":\"SearchAction\",\"target\":{\"@type\":\"EntryPoint\",\"urlTemplate\":\"https:\/\/afonte.org.br\/site\/?s={search_term_string}\"},\"query-input\":{\"@type\":\"PropertyValueSpecification\",\"valueRequired\":true,\"valueName\":\"search_term_string\"}}],\"inLanguage\":\"pt-BR\"},{\"@type\":\"Organization\",\"@id\":\"https:\/\/afonte.org.br\/site\/#organization\",\"name\":\"Funda\u00e7\u00e3o Maria Carvalho Santos\",\"url\":\"https:\/\/afonte.org.br\/site\/\",\"logo\":{\"@type\":\"ImageObject\",\"inLanguage\":\"pt-BR\",\"@id\":\"https:\/\/afonte.org.br\/site\/#\/schema\/logo\/image\/\",\"url\":\"https:\/\/afonte.org.br\/site\/wp-content\/uploads\/2021\/10\/logomarca_fundacao2.fw_.png\",\"contentUrl\":\"https:\/\/afonte.org.br\/site\/wp-content\/uploads\/2021\/10\/logomarca_fundacao2.fw_.png\",\"width\":200,\"height\":73,\"caption\":\"Funda\u00e7\u00e3o Maria Carvalho Santos\"},\"image\":{\"@id\":\"https:\/\/afonte.org.br\/site\/#\/schema\/logo\/image\/\"},\"sameAs\":[\"https:\/\/www.facebook.com\/fundacaomariacarvalhosantos\/\",\"https:\/\/x.com\/fundacaomaria\",\"https:\/\/www.instagram.com\/fundacaomariacarvalho\/?hl=pt-br\",\"https:\/\/www.youtube.com\/channel\/UCThs6_9MYv6ms6ciEHDKXrA\"]}]}<\/script>\n<!-- \/ Yoast SEO plugin. -->","yoast_head_json":{"title":"Contribua com nossa causa - Funda\u00e7\u00e3o Maria Carvalho Santos","robots":{"index":"index","follow":"follow","max-snippet":"max-snippet:-1","max-image-preview":"max-image-preview:large","max-video-preview":"max-video-preview:-1"},"canonical":"https:\/\/afonte.org.br\/site\/contribua-com-nossa-causa\/","og_locale":"pt_BR","og_type":"article","og_title":"Contribua com nossa causa - Funda\u00e7\u00e3o Maria Carvalho Santos","og_description":"PESSOA J\u00daRIDICA Entre em contato atrav\u00e9s do e-mail doe@afonte.org.br e conte-nos qual a sua empresa ou institui\u00e7\u00e3o e de que forma gostaria de apoiar a FMCS. PESSOA F\u00cdSICA Fa\u00e7a sua doa\u00e7\u00e3o online e seja nosso parceiro no combate ao c\u00e2ncer de mama. Contamos com voc\u00ea para continuarmos vitoriosos nessa batalha contra o c\u00e2ncer de mama! [&hellip;]","og_url":"https:\/\/afonte.org.br\/site\/contribua-com-nossa-causa\/","og_site_name":"Funda\u00e7\u00e3o Maria Carvalho Santos","article_publisher":"https:\/\/www.facebook.com\/fundacaomariacarvalhosantos\/","article_modified_time":"2021-10-12T01:39:15+00:00","twitter_card":"summary_large_image","twitter_site":"@fundacaomaria","twitter_misc":{"Est. tempo de leitura":"1 minuto"},"schema":{"@context":"https:\/\/schema.org","@graph":[{"@type":"WebPage","@id":"https:\/\/afonte.org.br\/site\/contribua-com-nossa-causa\/","url":"https:\/\/afonte.org.br\/site\/contribua-com-nossa-causa\/","name":"Contribua com nossa causa - Funda\u00e7\u00e3o Maria Carvalho Santos","isPartOf":{"@id":"https:\/\/afonte.org.br\/site\/#website"},"datePublished":"2021-10-10T15:16:01+00:00","dateModified":"2021-10-12T01:39:15+00:00","breadcrumb":{"@id":"https:\/\/afonte.org.br\/site\/contribua-com-nossa-causa\/#breadcrumb"},"inLanguage":"pt-BR","potentialAction":[{"@type":"ReadAction","target":["https:\/\/afonte.org.br\/site\/contribua-com-nossa-causa\/"]}]},{"@type":"BreadcrumbList","@id":"https:\/\/afonte.org.br\/site\/contribua-com-nossa-causa\/#breadcrumb","itemListElement":[{"@type":"ListItem","position":1,"name":"In\u00edcio","item":"https:\/\/afonte.org.br\/site\/"},{"@type":"ListItem","position":2,"name":"Contribua com nossa causa"}]},{"@type":"WebSite","@id":"https:\/\/afonte.org.br\/site\/#website","url":"https:\/\/afonte.org.br\/site\/","name":"Funda\u00e7\u00e3o Maria Carvalho Santos","description":"\u201cSe voc\u00ea tem c\u00e2ncer de mama, n\u00f3s ajudamos voc\u00ea, mas se voc\u00ea n\u00e3o tem, ajude a gente\u201d!","publisher":{"@id":"https:\/\/afonte.org.br\/site\/#organization"},"potentialAction":[{"@type":"SearchAction","target":{"@type":"EntryPoint","urlTemplate":"https:\/\/afonte.org.br\/site\/?s={search_term_string}"},"query-input":{"@type":"PropertyValueSpecification","valueRequired":true,"valueName":"search_term_string"}}],"inLanguage":"pt-BR"},{"@type":"Organization","@id":"https:\/\/afonte.org.br\/site\/#organization","name":"Funda\u00e7\u00e3o Maria Carvalho Santos","url":"https:\/\/afonte.org.br\/site\/","logo":{"@type":"ImageObject","inLanguage":"pt-BR","@id":"https:\/\/afonte.org.br\/site\/#\/schema\/logo\/image\/","url":"https:\/\/afonte.org.br\/site\/wp-content\/uploads\/2021\/10\/logomarca_fundacao2.fw_.png","contentUrl":"https:\/\/afonte.org.br\/site\/wp-content\/uploads\/2021\/10\/logomarca_fundacao2.fw_.png","width":200,"height":73,"caption":"Funda\u00e7\u00e3o Maria Carvalho Santos"},"image":{"@id":"https:\/\/afonte.org.br\/site\/#\/schema\/logo\/image\/"},"sameAs":["https:\/\/www.facebook.com\/fundacaomariacarvalhosantos\/","https:\/\/x.com\/fundacaomaria","https:\/\/www.instagram.com\/fundacaomariacarvalho\/?hl=pt-br","https:\/\/www.youtube.com\/channel\/UCThs6_9MYv6ms6ciEHDKXrA"]}]}},"_links":{"self":[{"href":"https:\/\/afonte.org.br\/site\/wp-json\/wp\/v2\/pages\/544","targetHints":{"allow":["GET"]}}],"collection":[{"href":"https:\/\/afonte.org.br\/site\/wp-json\/wp\/v2\/pages"}],"about":[{"href":"https:\/\/afonte.org.br\/site\/wp-json\/wp\/v2\/types\/page"}],"author":[{"embeddable":true,"href":"https:\/\/afonte.org.br\/site\/wp-json\/wp\/v2\/users\/1"}],"replies":[{"embeddable":true,"href":"https:\/\/afonte.org.br\/site\/wp-json\/wp\/v2\/comments?post=544"}],"version-history":[{"count":23,"href":"https:\/\/afonte.org.br\/site\/wp-json\/wp\/v2\/pages\/544\/revisions"}],"predecessor-version":[{"id":1066,"href":"https:\/\/afonte.org.br\/site\/wp-json\/wp\/v2\/pages\/544\/revisions\/1066"}],"wp:attachment":[{"href":"https:\/\/afonte.org.br\/site\/wp-json\/wp\/v2\/media?parent=544"}],"curies":[{"name":"wp","href":"https:\/\/api.w.org\/{rel}","templated":true}]}}