{"id":572,"date":"2021-10-10T15:21:10","date_gmt":"2021-10-10T18:21:10","guid":{"rendered":"https:\/\/afonte.org.br\/site\/?page_id=572"},"modified":"2022-01-04T20:44:40","modified_gmt":"2022-01-04T23:44:40","slug":"a-fundacao","status":"publish","type":"page","link":"https:\/\/afonte.org.br\/site\/a-fundacao\/","title":{"rendered":"A Funda\u00e7\u00e3o"},"content":{"rendered":"\t\t<div data-elementor-type=\"wp-page\" data-elementor-id=\"572\" class=\"elementor elementor-572\" data-elementor-post-type=\"page\">\n\t\t\t\t\t\t<section class=\"elementor-section elementor-top-section elementor-element elementor-element-f7d9d3b elementor-section-boxed elementor-section-height-default elementor-section-height-default\" data-id=\"f7d9d3b\" data-element_type=\"section\">\n\t\t\t\t\t\t<div class=\"elementor-container elementor-column-gap-default\">\n\t\t\t\t\t<div class=\"elementor-column elementor-col-100 elementor-top-column elementor-element elementor-element-10a6acc\" data-id=\"10a6acc\" data-element_type=\"column\">\n\t\t\t<div class=\"elementor-widget-wrap elementor-element-populated\">\n\t\t\t\t\t\t<div class=\"elementor-element elementor-element-e5f5d26 elementor-widget elementor-widget-image\" data-id=\"e5f5d26\" data-element_type=\"widget\" data-widget_type=\"image.default\">\n\t\t\t\t<div class=\"elementor-widget-container\">\n\t\t\t\t\t\t\t\t\t\t\t\t\t\t\t<img fetchpriority=\"high\" decoding=\"async\" width=\"800\" height=\"458\" src=\"https:\/\/afonte.org.br\/site\/wp-content\/uploads\/2022\/01\/fundacao_foto-1024x586.jpg\" class=\"attachment-large size-large wp-image-1236\" alt=\"\" srcset=\"https:\/\/afonte.org.br\/site\/wp-content\/uploads\/2022\/01\/fundacao_foto-1024x586.jpg 1024w, https:\/\/afonte.org.br\/site\/wp-content\/uploads\/2022\/01\/fundacao_foto-300x172.jpg 300w, https:\/\/afonte.org.br\/site\/wp-content\/uploads\/2022\/01\/fundacao_foto-768x440.jpg 768w, https:\/\/afonte.org.br\/site\/wp-content\/uploads\/2022\/01\/fundacao_foto-1536x879.jpg 1536w, https:\/\/afonte.org.br\/site\/wp-content\/uploads\/2022\/01\/fundacao_foto.jpg 1600w\" sizes=\"(max-width: 800px) 100vw, 800px\" \/>\t\t\t\t\t\t\t\t\t\t\t\t\t\t\t<\/div>\n\t\t\t\t<\/div>\n\t\t\t\t<div class=\"elementor-element elementor-element-091381d elementor-widget elementor-widget-text-editor\" data-id=\"091381d\" data-element_type=\"widget\" data-widget_type=\"text-editor.default\">\n\t\t\t\t<div class=\"elementor-widget-container\">\n\t\t\t\t\t\t\t\t\t<h3>QUEM SOMOS?<\/h3>\n<p>A Funda\u00e7\u00e3o Maria Carvalho Santos \u00e9 uma institui\u00e7\u00e3o sem fins lucrativos com sede em Teresina que atua nos Estados do Maranh\u00e3o, Piau\u00ed, Cear\u00e1 e Tocantins na promo\u00e7\u00e3o do diagn\u00f3stico precoce do c\u00e2ncer de mama, educa\u00e7\u00e3o em sa\u00fade, pr\u00e1ticas de advocacy e adapta\u00e7\u00e3o social das mulheres com c\u00e2ncer de mama doando pr\u00f3teses, perucas, medicamentos, etc. Re\u00fane volunt\u00e1rios para promover suas a\u00e7\u00f5es e, na medida que disp\u00f5e de recursos, realiza seus 51 projetos voltados para a problem\u00e1tica do c\u00e2ncer de mama. Todas as pessoas com c\u00e2ncer de mama s\u00e3o atendidas gratuitamente na sua sede. H\u00e1 tamb\u00e9m uma farm\u00e1cia solid\u00e1ria mantida pela institui\u00e7\u00e3o.<\/p>\n<p>Em 22 anos de atua\u00e7\u00e3o j\u00e1 atendeu mais de 200 mil mulheres. Todos os anos, realiza o Movimento Outubro Rosa e tem cadeira como vice-presidente da Federa\u00e7\u00e3o Brasileira de Institui\u00e7\u00f5es Filantr\u00f3picas pela Sa\u00fade da Mama &#8211; <a href=\"https:\/\/www.femama.org.br\/site\/br\/home?t=1633947810\" target=\"_blank\" rel=\"noopener\">FEMAMA.<\/a><\/p>\n<h3>HIST\u00d3RIA<\/h3>\n<p>Foi organizada em 1998, na cidade de Teresina, Piau\u00ed, re\u00fane diretoria, volunt\u00e1rios e profissionais para, em conjunto, promover suas atividades filantr\u00f3picas na \u00e1rea de sa\u00fade e preven\u00e7\u00e3o de doen\u00e7as, em especial o c\u00e2ncer de mama. A entidade faz doa\u00e7\u00e3o de perucas, len\u00e7os, m\u00e1scaras, pr\u00f3teses mam\u00e1rias externas, cestas b\u00e1sicas, livros, medicamentos, publica\u00e7\u00f5es e outros produtos necess\u00e1rios \u00e0 recupera\u00e7\u00e3o de pessoas com c\u00e2ncer de mama. A Funda\u00e7\u00e3o possui uma equipe multidisciplinar formada por m\u00e9dicos, nutricionistas, fisioterapeutas, psic\u00f3logos, educador f\u00edsico que atendem gratuitamente as pacientes carentes com c\u00e2ncer de mama.<\/p>\n<h3>TEMPO DE ATUA\u00c7\u00c3O<\/h3>\n<p>H\u00e1 mais de 20 anos, desde 22 de outubro de 1998 em que foi organizada por um grupo de amigos sensibilizados com a situa\u00e7\u00e3o do c\u00e2ncer de mama no estado. A entidade promove gratuitamente consultas e exames para a detec\u00e7\u00e3o precoce em c\u00e2ncer de mama e apoio psicol\u00f3gico e jur\u00eddico aos pacientes e familiares.<\/p>\n<h3>OBJETIVO<\/h3>\n<p>Promover a preven\u00e7\u00e3o e o diagn\u00f3stico precoce em c\u00e2ncer de mama atrav\u00e9s de a\u00e7\u00f5es e projetos que causem impacto no controle do c\u00e2ncer, est\u00edmulo a pr\u00e1tica de advocacy e tamb\u00e9m apoio \u00e0 paciente e a sua fam\u00edlia e a promo\u00e7\u00e3o da sa\u00fade.<\/p>\n<h3>LEMA<\/h3>\n<p>\u201cSe voc\u00ea tem c\u00e2ncer de mama, n\u00f3s ajudamos voc\u00ea, mas se voc\u00ea n\u00e3o tem, ajude a gente\u201d!<\/p>\n<h3>\u00c1REA DE ATUA\u00c7\u00c3O<\/h3>\n<p>A entidade trabalha nos temas relevantes tanto da sa\u00fade quanto da educa\u00e7\u00e3o que causam impacto no c\u00e2ncer de mama.<\/p>\n<h3>MISS\u00c3O<\/h3>\n<ul>\n<li>EDUCA\u00c7\u00c3O EM SA\u00daDE<\/li>\n<li>PROMO\u00c7\u00c3O DO DIAGN\u00d3STICO PRECOCE DO C\u00c2NCER DE MAMA<\/li>\n<li>ADAPTA\u00c7\u00c3O SOCIAL DA PESSOA COM C\u00c2NCER<\/li>\n<li>PROMO\u00c7\u00c3O DO ADVOCACY<\/li>\n<li>EMPODERAMENTO NA CAUSA DO C\u00c2NCER2<\/li>\n<\/ul><div><br><\/div>\n<div>\n<h3 style=\"font-family: Montserrat, sans-serif; color: #271616;\">PR\u00caMIOS RECEBIDOS<\/h3>\n<p><strong>Pr\u00eamios recebidos pela Funda\u00e7\u00e3o Maria Carvalho Santos<\/strong><\/p>\n<p><strong>1\u00ba Pr\u00eamio de Oncologia Novartis-Sa\u00fade Brasil<\/strong><br>Certificado Concurso Nacional para Profissionais da Area M\u00e9dica e de Sa\u00fade sobre Trabalhos Cientificos e Projetos Sociais em Oncologia.<\/p>\n<p><strong>Na Palma da Mama &#8211; Funda\u00e7\u00e3o Maria Carvalho Santos<\/strong><br>Luiz Ayrton Santos Junior. Em 28 de abril de 2004.<\/p>\n<p><strong>PR\u00caMIO DR.PINOTTI-HOSPITAL AMIGO DA MULHER<\/strong><br>A C\u00e2mara dos Deputados concede \u00e0 entidade Funda\u00e7\u00e3o Maria Carvalho Santos este diploma de men\u00e7\u00e3o honrosa como reconhecimento aos trabalhos e\/ou a\u00e7\u00f5es dessa entidade filantr\u00f3pica que mereceram destaque pela promo\u00e7\u00e3o de acesso e qualifica\u00e7\u00e3o dos servi\u00e7os de sa\u00fade da mulher. Em 29 de maio de 2012.<\/p>\n<p><strong>M\u00e9rito Ma\u00e7\u00f4nico Raul Serrano<\/strong><br>O Ven. Mest da ARLS &#8220;Raul Serrano&#8221; n\u00b0 1616, outorga o presente Titulo \u00e0 insigne Funda\u00e7\u00e3o Maria Carvalho Santos pelos relevantes servi\u00e7os prestados \u00e0 sociedade, de acordo com o Regimento que regulamenta a concess\u00e3o de Medalhas desta Aug e Resp: Loja.<br>Or: de Teresina-Pi, 15 de dezembro de 2012<\/p>\n<p><strong>Medalha do Merito Renascen\u00e7a<\/strong> <br>Em reconhecimento aos relevantes servi\u00e7os prestados pela Funda\u00e7\u00e3o Maria Carvalho Santos. Em 19 de outubro de 2016<\/p>\n<p><strong>Men\u00e7\u00e3o honrosa no Congresso Nordestino de Cl\u00ednica M\u00e9dica e Cirurgia -CONECC-<\/strong> <br>Em reconhecimento aos relevantes servi\u00e7os prestados a sociedade. Em 28 de agosto de 2017<\/p>\n<p><strong>Medalha do M\u00e9rito Conselheiro Jos\u00e9 Ant\u00f4nio Saraiva.<\/strong> <br>Um reconhecimento p\u00fablico por seus relevantes servi\u00e7os prestados ao estado do Piau\u00ed. Em 16 de agosto de 2019.<\/p>\n<\/div>\t\t\t\t\t\t\t\t<\/div>\n\t\t\t\t<\/div>\n\t\t\t\t\t<\/div>\n\t\t<\/div>\n\t\t\t\t\t<\/div>\n\t\t<\/section>\n\t\t\t\t<\/div>\n\t\t","protected":false},"excerpt":{"rendered":"<p>QUEM SOMOS? A Funda\u00e7\u00e3o Maria Carvalho Santos \u00e9 uma institui\u00e7\u00e3o sem fins lucrativos com sede em Teresina que atua nos Estados do Maranh\u00e3o, Piau\u00ed, Cear\u00e1 e Tocantins na promo\u00e7\u00e3o do diagn\u00f3stico precoce do c\u00e2ncer de mama, educa\u00e7\u00e3o em sa\u00fade, pr\u00e1ticas de advocacy e adapta\u00e7\u00e3o social das mulheres com c\u00e2ncer de mama doando pr\u00f3teses, perucas, medicamentos, [&hellip;]<\/p>\n","protected":false},"author":1,"featured_media":0,"parent":0,"menu_order":0,"comment_status":"closed","ping_status":"closed","template":"","meta":{"footnotes":""},"class_list":["post-572","page","type-page","status-publish","hentry"],"yoast_head":"<!-- This site is optimized with the Yoast SEO plugin v26.4 - https:\/\/yoast.com\/wordpress\/plugins\/seo\/ -->\n<title>A Funda\u00e7\u00e3o - Funda\u00e7\u00e3o Maria Carvalho Santos<\/title>\n<meta name=\"robots\" content=\"index, follow, max-snippet:-1, max-image-preview:large, max-video-preview:-1\" \/>\n<link rel=\"canonical\" href=\"https:\/\/afonte.org.br\/site\/a-fundacao\/\" \/>\n<meta property=\"og:locale\" content=\"pt_BR\" \/>\n<meta property=\"og:type\" content=\"article\" \/>\n<meta property=\"og:title\" content=\"A Funda\u00e7\u00e3o - Funda\u00e7\u00e3o Maria Carvalho Santos\" \/>\n<meta property=\"og:description\" content=\"QUEM SOMOS? A Funda\u00e7\u00e3o Maria Carvalho Santos \u00e9 uma institui\u00e7\u00e3o sem fins lucrativos com sede em Teresina que atua nos Estados do Maranh\u00e3o, Piau\u00ed, Cear\u00e1 e Tocantins na promo\u00e7\u00e3o do diagn\u00f3stico precoce do c\u00e2ncer de mama, educa\u00e7\u00e3o em sa\u00fade, pr\u00e1ticas de advocacy e adapta\u00e7\u00e3o social das mulheres com c\u00e2ncer de mama doando pr\u00f3teses, perucas, medicamentos, [&hellip;]\" \/>\n<meta property=\"og:url\" content=\"https:\/\/afonte.org.br\/site\/a-fundacao\/\" \/>\n<meta property=\"og:site_name\" content=\"Funda\u00e7\u00e3o Maria Carvalho Santos\" \/>\n<meta property=\"article:publisher\" content=\"https:\/\/www.facebook.com\/fundacaomariacarvalhosantos\/\" \/>\n<meta property=\"article:modified_time\" content=\"2022-01-04T23:44:40+00:00\" \/>\n<meta property=\"og:image\" content=\"https:\/\/afonte.org.br\/site\/wp-content\/uploads\/2022\/01\/fundacao_foto-1024x586.jpg\" \/>\n<meta name=\"twitter:card\" content=\"summary_large_image\" \/>\n<meta name=\"twitter:site\" content=\"@fundacaomaria\" \/>\n<meta name=\"twitter:label1\" content=\"Est. tempo de leitura\" \/>\n\t<meta name=\"twitter:data1\" content=\"4 minutos\" \/>\n<script type=\"application\/ld+json\" class=\"yoast-schema-graph\">{\"@context\":\"https:\/\/schema.org\",\"@graph\":[{\"@type\":\"WebPage\",\"@id\":\"https:\/\/afonte.org.br\/site\/a-fundacao\/\",\"url\":\"https:\/\/afonte.org.br\/site\/a-fundacao\/\",\"name\":\"A Funda\u00e7\u00e3o - Funda\u00e7\u00e3o Maria Carvalho Santos\",\"isPartOf\":{\"@id\":\"https:\/\/afonte.org.br\/site\/#website\"},\"primaryImageOfPage\":{\"@id\":\"https:\/\/afonte.org.br\/site\/a-fundacao\/#primaryimage\"},\"image\":{\"@id\":\"https:\/\/afonte.org.br\/site\/a-fundacao\/#primaryimage\"},\"thumbnailUrl\":\"https:\/\/afonte.org.br\/site\/wp-content\/uploads\/2022\/01\/fundacao_foto-1024x586.jpg\",\"datePublished\":\"2021-10-10T18:21:10+00:00\",\"dateModified\":\"2022-01-04T23:44:40+00:00\",\"breadcrumb\":{\"@id\":\"https:\/\/afonte.org.br\/site\/a-fundacao\/#breadcrumb\"},\"inLanguage\":\"pt-BR\",\"potentialAction\":[{\"@type\":\"ReadAction\",\"target\":[\"https:\/\/afonte.org.br\/site\/a-fundacao\/\"]}]},{\"@type\":\"ImageObject\",\"inLanguage\":\"pt-BR\",\"@id\":\"https:\/\/afonte.org.br\/site\/a-fundacao\/#primaryimage\",\"url\":\"https:\/\/afonte.org.br\/site\/wp-content\/uploads\/2022\/01\/fundacao_foto.jpg\",\"contentUrl\":\"https:\/\/afonte.org.br\/site\/wp-content\/uploads\/2022\/01\/fundacao_foto.jpg\",\"width\":1600,\"height\":916},{\"@type\":\"BreadcrumbList\",\"@id\":\"https:\/\/afonte.org.br\/site\/a-fundacao\/#breadcrumb\",\"itemListElement\":[{\"@type\":\"ListItem\",\"position\":1,\"name\":\"In\u00edcio\",\"item\":\"https:\/\/afonte.org.br\/site\/\"},{\"@type\":\"ListItem\",\"position\":2,\"name\":\"A Funda\u00e7\u00e3o\"}]},{\"@type\":\"WebSite\",\"@id\":\"https:\/\/afonte.org.br\/site\/#website\",\"url\":\"https:\/\/afonte.org.br\/site\/\",\"name\":\"Funda\u00e7\u00e3o Maria Carvalho Santos\",\"description\":\"\u201cSe voc\u00ea tem c\u00e2ncer de mama, n\u00f3s ajudamos voc\u00ea, mas se voc\u00ea n\u00e3o tem, ajude a gente\u201d!\",\"publisher\":{\"@id\":\"https:\/\/afonte.org.br\/site\/#organization\"},\"potentialAction\":[{\"@type\":\"SearchAction\",\"target\":{\"@type\":\"EntryPoint\",\"urlTemplate\":\"https:\/\/afonte.org.br\/site\/?s={search_term_string}\"},\"query-input\":{\"@type\":\"PropertyValueSpecification\",\"valueRequired\":true,\"valueName\":\"search_term_string\"}}],\"inLanguage\":\"pt-BR\"},{\"@type\":\"Organization\",\"@id\":\"https:\/\/afonte.org.br\/site\/#organization\",\"name\":\"Funda\u00e7\u00e3o Maria Carvalho Santos\",\"url\":\"https:\/\/afonte.org.br\/site\/\",\"logo\":{\"@type\":\"ImageObject\",\"inLanguage\":\"pt-BR\",\"@id\":\"https:\/\/afonte.org.br\/site\/#\/schema\/logo\/image\/\",\"url\":\"https:\/\/afonte.org.br\/site\/wp-content\/uploads\/2021\/10\/logomarca_fundacao2.fw_.png\",\"contentUrl\":\"https:\/\/afonte.org.br\/site\/wp-content\/uploads\/2021\/10\/logomarca_fundacao2.fw_.png\",\"width\":200,\"height\":73,\"caption\":\"Funda\u00e7\u00e3o Maria Carvalho Santos\"},\"image\":{\"@id\":\"https:\/\/afonte.org.br\/site\/#\/schema\/logo\/image\/\"},\"sameAs\":[\"https:\/\/www.facebook.com\/fundacaomariacarvalhosantos\/\",\"https:\/\/x.com\/fundacaomaria\",\"https:\/\/www.instagram.com\/fundacaomariacarvalho\/?hl=pt-br\",\"https:\/\/www.youtube.com\/channel\/UCThs6_9MYv6ms6ciEHDKXrA\"]}]}<\/script>\n<!-- \/ Yoast SEO plugin. -->","yoast_head_json":{"title":"A Funda\u00e7\u00e3o - Funda\u00e7\u00e3o Maria Carvalho Santos","robots":{"index":"index","follow":"follow","max-snippet":"max-snippet:-1","max-image-preview":"max-image-preview:large","max-video-preview":"max-video-preview:-1"},"canonical":"https:\/\/afonte.org.br\/site\/a-fundacao\/","og_locale":"pt_BR","og_type":"article","og_title":"A Funda\u00e7\u00e3o - Funda\u00e7\u00e3o Maria Carvalho Santos","og_description":"QUEM SOMOS? A Funda\u00e7\u00e3o Maria Carvalho Santos \u00e9 uma institui\u00e7\u00e3o sem fins lucrativos com sede em Teresina que atua nos Estados do Maranh\u00e3o, Piau\u00ed, Cear\u00e1 e Tocantins na promo\u00e7\u00e3o do diagn\u00f3stico precoce do c\u00e2ncer de mama, educa\u00e7\u00e3o em sa\u00fade, pr\u00e1ticas de advocacy e adapta\u00e7\u00e3o social das mulheres com c\u00e2ncer de mama doando pr\u00f3teses, perucas, medicamentos, [&hellip;]","og_url":"https:\/\/afonte.org.br\/site\/a-fundacao\/","og_site_name":"Funda\u00e7\u00e3o Maria Carvalho Santos","article_publisher":"https:\/\/www.facebook.com\/fundacaomariacarvalhosantos\/","article_modified_time":"2022-01-04T23:44:40+00:00","og_image":[{"url":"https:\/\/afonte.org.br\/site\/wp-content\/uploads\/2022\/01\/fundacao_foto-1024x586.jpg","type":"","width":"","height":""}],"twitter_card":"summary_large_image","twitter_site":"@fundacaomaria","twitter_misc":{"Est. tempo de leitura":"4 minutos"},"schema":{"@context":"https:\/\/schema.org","@graph":[{"@type":"WebPage","@id":"https:\/\/afonte.org.br\/site\/a-fundacao\/","url":"https:\/\/afonte.org.br\/site\/a-fundacao\/","name":"A Funda\u00e7\u00e3o - Funda\u00e7\u00e3o Maria Carvalho Santos","isPartOf":{"@id":"https:\/\/afonte.org.br\/site\/#website"},"primaryImageOfPage":{"@id":"https:\/\/afonte.org.br\/site\/a-fundacao\/#primaryimage"},"image":{"@id":"https:\/\/afonte.org.br\/site\/a-fundacao\/#primaryimage"},"thumbnailUrl":"https:\/\/afonte.org.br\/site\/wp-content\/uploads\/2022\/01\/fundacao_foto-1024x586.jpg","datePublished":"2021-10-10T18:21:10+00:00","dateModified":"2022-01-04T23:44:40+00:00","breadcrumb":{"@id":"https:\/\/afonte.org.br\/site\/a-fundacao\/#breadcrumb"},"inLanguage":"pt-BR","potentialAction":[{"@type":"ReadAction","target":["https:\/\/afonte.org.br\/site\/a-fundacao\/"]}]},{"@type":"ImageObject","inLanguage":"pt-BR","@id":"https:\/\/afonte.org.br\/site\/a-fundacao\/#primaryimage","url":"https:\/\/afonte.org.br\/site\/wp-content\/uploads\/2022\/01\/fundacao_foto.jpg","contentUrl":"https:\/\/afonte.org.br\/site\/wp-content\/uploads\/2022\/01\/fundacao_foto.jpg","width":1600,"height":916},{"@type":"BreadcrumbList","@id":"https:\/\/afonte.org.br\/site\/a-fundacao\/#breadcrumb","itemListElement":[{"@type":"ListItem","position":1,"name":"In\u00edcio","item":"https:\/\/afonte.org.br\/site\/"},{"@type":"ListItem","position":2,"name":"A Funda\u00e7\u00e3o"}]},{"@type":"WebSite","@id":"https:\/\/afonte.org.br\/site\/#website","url":"https:\/\/afonte.org.br\/site\/","name":"Funda\u00e7\u00e3o Maria Carvalho Santos","description":"\u201cSe voc\u00ea tem c\u00e2ncer de mama, n\u00f3s ajudamos voc\u00ea, mas se voc\u00ea n\u00e3o tem, ajude a gente\u201d!","publisher":{"@id":"https:\/\/afonte.org.br\/site\/#organization"},"potentialAction":[{"@type":"SearchAction","target":{"@type":"EntryPoint","urlTemplate":"https:\/\/afonte.org.br\/site\/?s={search_term_string}"},"query-input":{"@type":"PropertyValueSpecification","valueRequired":true,"valueName":"search_term_string"}}],"inLanguage":"pt-BR"},{"@type":"Organization","@id":"https:\/\/afonte.org.br\/site\/#organization","name":"Funda\u00e7\u00e3o Maria Carvalho Santos","url":"https:\/\/afonte.org.br\/site\/","logo":{"@type":"ImageObject","inLanguage":"pt-BR","@id":"https:\/\/afonte.org.br\/site\/#\/schema\/logo\/image\/","url":"https:\/\/afonte.org.br\/site\/wp-content\/uploads\/2021\/10\/logomarca_fundacao2.fw_.png","contentUrl":"https:\/\/afonte.org.br\/site\/wp-content\/uploads\/2021\/10\/logomarca_fundacao2.fw_.png","width":200,"height":73,"caption":"Funda\u00e7\u00e3o Maria Carvalho Santos"},"image":{"@id":"https:\/\/afonte.org.br\/site\/#\/schema\/logo\/image\/"},"sameAs":["https:\/\/www.facebook.com\/fundacaomariacarvalhosantos\/","https:\/\/x.com\/fundacaomaria","https:\/\/www.instagram.com\/fundacaomariacarvalho\/?hl=pt-br","https:\/\/www.youtube.com\/channel\/UCThs6_9MYv6ms6ciEHDKXrA"]}]}},"_links":{"self":[{"href":"https:\/\/afonte.org.br\/site\/wp-json\/wp\/v2\/pages\/572","targetHints":{"allow":["GET"]}}],"collection":[{"href":"https:\/\/afonte.org.br\/site\/wp-json\/wp\/v2\/pages"}],"about":[{"href":"https:\/\/afonte.org.br\/site\/wp-json\/wp\/v2\/types\/page"}],"author":[{"embeddable":true,"href":"https:\/\/afonte.org.br\/site\/wp-json\/wp\/v2\/users\/1"}],"replies":[{"embeddable":true,"href":"https:\/\/afonte.org.br\/site\/wp-json\/wp\/v2\/comments?post=572"}],"version-history":[{"count":40,"href":"https:\/\/afonte.org.br\/site\/wp-json\/wp\/v2\/pages\/572\/revisions"}],"predecessor-version":[{"id":1239,"href":"https:\/\/afonte.org.br\/site\/wp-json\/wp\/v2\/pages\/572\/revisions\/1239"}],"wp:attachment":[{"href":"https:\/\/afonte.org.br\/site\/wp-json\/wp\/v2\/media?parent=572"}],"curies":[{"name":"wp","href":"https:\/\/api.w.org\/{rel}","templated":true}]}}